{"id":14,"date":"2026-05-09T18:21:09","date_gmt":"2026-05-09T18:21:09","guid":{"rendered":"https:\/\/concordiamotriz.pt\/?page_id=14"},"modified":"2026-05-09T18:31:48","modified_gmt":"2026-05-09T18:31:48","slug":"maintenance-page","status":"publish","type":"page","link":"https:\/\/concordiamotriz.pt\/","title":{"rendered":""},"content":{"rendered":"\n<div id=\"wp-block-themeisle-blocks-advanced-columns-0d617423\" class=\"wp-block-themeisle-blocks-advanced-columns alignfull has-1-columns has-desktop-equal-layout has-tablet-equal-layout has-mobile-equal-layout has-vertical-center has-light-bg\"><div class=\"wp-block-themeisle-blocks-advanced-columns-overlay\"><\/div><div class=\"innerblocks-wrap\">\n<div id=\"wp-block-themeisle-blocks-advanced-column-09847c7b\" class=\"wp-block-themeisle-blocks-advanced-column\">\n<figure class=\"wp-block-image aligncenter size-large is-resized ticss-3f08ab9a\"><img loading=\"lazy\" decoding=\"async\" width=\"1024\" height=\"683\" src=\"https:\/\/concordiamotriz.pt\/wp-content\/uploads\/2026\/05\/logo-3-1024x683.jpg\" alt=\"\" class=\"wp-image-20\" style=\"aspect-ratio:1.499297204435421;width:645px;height:auto\" srcset=\"https:\/\/concordiamotriz.pt\/wp-content\/uploads\/2026\/05\/logo-3-1024x683.jpg 1024w, https:\/\/concordiamotriz.pt\/wp-content\/uploads\/2026\/05\/logo-3-300x200.jpg 300w, https:\/\/concordiamotriz.pt\/wp-content\/uploads\/2026\/05\/logo-3-768x512.jpg 768w, https:\/\/concordiamotriz.pt\/wp-content\/uploads\/2026\/05\/logo-3-1200x800.jpg 1200w, https:\/\/concordiamotriz.pt\/wp-content\/uploads\/2026\/05\/logo-3-600x400.jpg 600w, https:\/\/concordiamotriz.pt\/wp-content\/uploads\/2026\/05\/logo-3.jpg 1536w\" sizes=\"auto, (max-width: 1024px) 100vw, 1024px\" \/><\/figure>\n\n\n\n<h1 id=\"wp-block-themeisle-blocks-advanced-heading-84bfa495\" class=\"wp-block-themeisle-blocks-advanced-heading wp-block-themeisle-blocks-advanced-heading-84bfa495\">O Nosso site est\u00e1 em constru\u00e7\u00e3o!<\/h1>\n\n\n\n<div style=\"height:40px\" aria-hidden=\"true\" class=\"wp-block-spacer\"><\/div>\n\n\n\n\n\n<div style=\"height:40px\" aria-hidden=\"true\" class=\"wp-block-spacer\"><\/div>\n\n\n\n\n<\/div>\n<\/div><\/div>\n\n\n","protected":false},"excerpt":{"rendered":"","protected":false},"author":1,"featured_media":19,"parent":0,"menu_order":0,"comment_status":"closed","ping_status":"closed","template":"templates\/wpmm-page-template.php","meta":{"_regular_price":[],"currency_symbol":[],"_themeisle_gutenberg_block_has_review":false,"footnotes":""},"class_list":["post-14","page","type-page","status-publish","has-post-thumbnail","hentry"],"post_slider_layout_featured_media_urls":{"thumbnail":["https:\/\/concordiamotriz.pt\/wp-content\/uploads\/2026\/05\/logo-2-150x150.jpg",150,150,true],"post_slider_layout_landscape_large":["https:\/\/concordiamotriz.pt\/wp-content\/uploads\/2026\/05\/logo-2-1200x800.jpg",1200,800,true],"post_slider_layout_portrait_large":["https:\/\/concordiamotriz.pt\/wp-content\/uploads\/2026\/05\/logo-2-1200x1024.jpg",1200,1024,true],"post_slider_layout_square_large":["https:\/\/concordiamotriz.pt\/wp-content\/uploads\/2026\/05\/logo-2-1200x1024.jpg",1200,1024,true],"post_slider_layout_landscape":["https:\/\/concordiamotriz.pt\/wp-content\/uploads\/2026\/05\/logo-2-600x400.jpg",600,400,true],"post_slider_layout_portrait":["https:\/\/concordiamotriz.pt\/wp-content\/uploads\/2026\/05\/logo-2-600x900.jpg",600,900,true],"post_slider_layout_square":["https:\/\/concordiamotriz.pt\/wp-content\/uploads\/2026\/05\/logo-2-600x600.jpg",600,600,true],"full":["https:\/\/concordiamotriz.pt\/wp-content\/uploads\/2026\/05\/logo-2.jpg",1536,1024,false]},"_links":{"self":[{"href":"https:\/\/concordiamotriz.pt\/index.php?rest_route=\/wp\/v2\/pages\/14","targetHints":{"allow":["GET"]}}],"collection":[{"href":"https:\/\/concordiamotriz.pt\/index.php?rest_route=\/wp\/v2\/pages"}],"about":[{"href":"https:\/\/concordiamotriz.pt\/index.php?rest_route=\/wp\/v2\/types\/page"}],"author":[{"embeddable":true,"href":"https:\/\/concordiamotriz.pt\/index.php?rest_route=\/wp\/v2\/users\/1"}],"replies":[{"embeddable":true,"href":"https:\/\/concordiamotriz.pt\/index.php?rest_route=%2Fwp%2Fv2%2Fcomments&post=14"}],"version-history":[{"count":4,"href":"https:\/\/concordiamotriz.pt\/index.php?rest_route=\/wp\/v2\/pages\/14\/revisions"}],"predecessor-version":[{"id":22,"href":"https:\/\/concordiamotriz.pt\/index.php?rest_route=\/wp\/v2\/pages\/14\/revisions\/22"}],"wp:featuredmedia":[{"embeddable":true,"href":"https:\/\/concordiamotriz.pt\/index.php?rest_route=\/wp\/v2\/media\/19"}],"wp:attachment":[{"href":"https:\/\/concordiamotriz.pt\/index.php?rest_route=%2Fwp%2Fv2%2Fmedia&parent=14"}],"curies":[{"name":"wp","href":"https:\/\/api.w.org\/{rel}","templated":true}]}}